{"id":1351,"date":"2025-01-15T17:45:57","date_gmt":"2025-01-15T17:45:57","guid":{"rendered":"https:\/\/parcourslatuque.com\/un-ptit-lac-une-grande-fierte\/"},"modified":"2025-01-15T17:56:08","modified_gmt":"2025-01-15T17:56:08","slug":"un-ptit-lac-une-grande-fierte","status":"publish","type":"page","link":"https:\/\/parcourslatuque.com\/fr\/un-ptit-lac-une-grande-fierte\/","title":{"rendered":"UN P\u2019TIT LAC. UNE GRANDE FIERT\u00c9."},"content":{"rendered":"\t\t<div data-elementor-type=\"wp-page\" data-elementor-id=\"1351\" class=\"elementor elementor-1351 elementor-1338\" data-elementor-post-type=\"page\">\n\t\t\t\t\t\t<section class=\"elementor-section elementor-top-section elementor-element elementor-element-213a1e3 elementor-section-height-min-height elementor-section-boxed elementor-section-height-default elementor-section-items-middle\" data-id=\"213a1e3\" data-element_type=\"section\" data-e-type=\"section\" data-settings=\"{&quot;jet_parallax_layout_list&quot;:[],&quot;background_background&quot;:&quot;classic&quot;}\">\n\t\t\t\t\t\t<div class=\"elementor-container elementor-column-gap-default\">\n\t\t\t\t\t<div class=\"elementor-column elementor-col-100 elementor-top-column elementor-element elementor-element-0503c74\" data-id=\"0503c74\" data-element_type=\"column\" data-e-type=\"column\" data-settings=\"{&quot;background_background&quot;:&quot;classic&quot;}\">\n\t\t\t<div class=\"elementor-widget-wrap\">\n\t\t\t\t\t\t\t<\/div>\n\t\t<\/div>\n\t\t\t\t\t<\/div>\n\t\t<\/section>\n\t\t\t\t<section class=\"elementor-section elementor-top-section elementor-element elementor-element-d6e4e6a elementor-section-full_width elementor-section-height-default elementor-section-height-default\" data-id=\"d6e4e6a\" data-element_type=\"section\" data-e-type=\"section\" data-settings=\"{&quot;jet_parallax_layout_list&quot;:[]}\">\n\t\t\t\t\t\t<div class=\"elementor-container elementor-column-gap-default\">\n\t\t\t\t\t<div class=\"elementor-column elementor-col-100 elementor-top-column elementor-element elementor-element-3470c50\" data-id=\"3470c50\" data-element_type=\"column\" data-e-type=\"column\" data-settings=\"{&quot;background_background&quot;:&quot;classic&quot;}\">\n\t\t\t<div class=\"elementor-widget-wrap elementor-element-populated\">\n\t\t\t\t\t<div class=\"elementor-background-overlay\"><\/div>\n\t\t\t\t\t\t<div class=\"elementor-element elementor-element-50c3b92 elementor-widget elementor-widget-text-editor\" data-id=\"50c3b92\" data-element_type=\"widget\" data-e-type=\"widget\" data-widget_type=\"text-editor.default\">\n\t\t\t\t<div class=\"elementor-widget-container\">\n\t\t\t\t\t\t\t\t\t<p>Lac Saint-Louis: la plage, s.d. (sans date)<\/p>\n\t\t\t\t\t\t\t\t<\/div>\n\t\t\t\t<\/div>\n\t\t\t\t\t<\/div>\n\t\t<\/div>\n\t\t\t\t\t<\/div>\n\t\t<\/section>\n\t\t\t\t<section class=\"elementor-section elementor-top-section elementor-element elementor-element-9ca427a elementor-section-boxed elementor-section-height-default elementor-section-height-default\" data-id=\"9ca427a\" data-element_type=\"section\" data-e-type=\"section\" data-settings=\"{&quot;jet_parallax_layout_list&quot;:[],&quot;background_background&quot;:&quot;classic&quot;}\">\n\t\t\t\t\t\t<div class=\"elementor-container elementor-column-gap-default\">\n\t\t\t\t\t<div class=\"elementor-column elementor-col-100 elementor-top-column elementor-element elementor-element-2152ea9\" data-id=\"2152ea9\" data-element_type=\"column\" data-e-type=\"column\" data-settings=\"{&quot;background_background&quot;:&quot;classic&quot;}\">\n\t\t\t<div class=\"elementor-widget-wrap elementor-element-populated\">\n\t\t\t\t\t\t<div class=\"elementor-element elementor-element-5908342 elementor-widget__width-initial elementor-absolute elementor-widget elementor-widget-heading\" data-id=\"5908342\" data-element_type=\"widget\" data-e-type=\"widget\" data-settings=\"{&quot;_position&quot;:&quot;absolute&quot;}\" data-widget_type=\"heading.default\">\n\t\t\t\t<div class=\"elementor-widget-container\">\n\t\t\t\t\t<h1 class=\"elementor-heading-title elementor-size-default\">UN P\u2019TIT LAC. UNE GRANDE FIERT\u00c9.<\/h1>\t\t\t\t<\/div>\n\t\t\t\t<\/div>\n\t\t\t\t\t<\/div>\n\t\t<\/div>\n\t\t\t\t\t<\/div>\n\t\t<\/section>\n\t\t\t\t<section class=\"elementor-section elementor-top-section elementor-element elementor-element-2c7b16d elementor-section-boxed elementor-section-height-default elementor-section-height-default\" data-id=\"2c7b16d\" data-element_type=\"section\" data-e-type=\"section\" data-settings=\"{&quot;jet_parallax_layout_list&quot;:[],&quot;background_background&quot;:&quot;classic&quot;}\">\n\t\t\t\t\t\t<div class=\"elementor-container elementor-column-gap-default\">\n\t\t\t\t\t<div class=\"elementor-column elementor-col-100 elementor-top-column elementor-element elementor-element-eeeb384\" data-id=\"eeeb384\" data-element_type=\"column\" data-e-type=\"column\" data-settings=\"{&quot;background_background&quot;:&quot;classic&quot;}\">\n\t\t\t<div class=\"elementor-widget-wrap elementor-element-populated\">\n\t\t\t\t\t\t<div class=\"elementor-element elementor-element-7077ef8 elementor-widget__width-initial elementor-widget elementor-widget-text-editor\" data-id=\"7077ef8\" data-element_type=\"widget\" data-e-type=\"widget\" data-widget_type=\"text-editor.default\">\n\t\t\t\t<div class=\"elementor-widget-container\">\n\t\t\t\t\t\t\t\t\t<p>De 1965 \u00e0 1982, La Tuque vibre au rythme du 24 heures de La Tuque, un \u00e9v\u00e8nement mythique d\u2019envergure internationale que cr\u00e9a Gaston Fortin, homme d\u2019affaires aussi ambitieux que visionnaire. Son r\u00eave ? Allumer les projecteurs sur La Tuque en cr\u00e9ant un v\u00e9ritable buzz m\u00e9diatique et d\u2019importantes retomb\u00e9es tant \u00e9conomiques que sociales. En regroupant au lac Saint-Louis \u2013 appel\u00e9 encore aujourd\u2019hui le p\u2019tit lac \u2013 les meilleurs nageurs au monde, La Tuque allait devenir un haut lieu de la natation et demeurer au fil du temps la fiert\u00e9 des Latuquois.<\/p>\n<p>&nbsp;<\/p>\n<p>Au marathon de nage de l\u2019\u00e9poque \u2013 o\u00f9 des duos de nageurs professionnels devaient se relayer pendant 24 heures d&rsquo;affil\u00e9e et effectuer parfois jusqu\u2019\u00e0 170 tours du lac \u2013 s\u2019ajoutent des comp\u00e9titions de toutes sortes : d\u00e9fil\u00e9, souque \u00e0 la corde, course de canots, tournoi de balle, acrobaties de Snow Birds, vente-trottoir et plus encore. La ville prend des airs de f\u00eate et l\u2019\u00e9v\u00e8nement attire, d\u00e8s 1969, plus de 25 000 festivaliers soit presque le triple de la population locale. Durant pr\u00e8s de deux d\u00e9cennies, les Latuquois bomberont le torse, n\u2019en revenant toujours pas qu\u2019on vienne de si loin pour se baigner dans un si p\u2019tit lac.<\/p>\n<p>&nbsp;<\/p>\n<p>Poumon de la ville, le lac Saint-Louis est un lac naturel et embl\u00e9matique de 28 000 m\u00e8tres carr\u00e9s o\u00f9 l\u2019eau est toujours fraiche \u00e9t\u00e9 comme hiver. Saviez-vous que le lac se recharge naturellement en puisant dans la nappe phr\u00e9atique ? On dit que l\u2019installation du barrage La Tuque aurait caus\u00e9 le rehaussement de la rivi\u00e8re Saint-Maurice. Aujourd\u2019hui, le syst\u00e8me de pompage d\u2019Hydro-Qu\u00e9bec de m\u00eame que l\u2019apport en continue provenant du lac Wayagamac permettent de renouveler l\u2019eau du lac approximativement aux 50 jours. Une eau sans phosphore en plus car on surveille \u00e7a de pr\u00e8s !<\/p>\n<p>&nbsp;<\/p>\n<p>Les Latuquois appr\u00e9cient ce privil\u00e8ge d\u2019avoir acc\u00e8s \u00e0 un lac porteur de tant d\u2019histoire, \u00e0 deux pas du centre-ville. Il a tant fait pour eux avant l\u2019arriv\u00e9e de l\u2019eau courante, allant jusqu\u2019\u00e0 approvisionner les glaci\u00e8res durant l\u2019hiver. Avec l\u2019usine \u00e0 quelques pas, le lac Saint-Louis fut le premier quartier d\u00e9velopp\u00e9 par la ville avec des maisons d\u2019ouvriers install\u00e9es tout autour.<\/p>\n<p>&nbsp;<\/p>\n<p>Aujourd\u2019hui encore, quel bonheur d\u2019y faire jouer les enfants, de s\u2019adonner \u00e0 la p\u00eache \u00e0 la truite et d\u2019assister \u00e0 de nombreux spectacles en plein air. On l\u2019aime notre p\u2019tit lac ! Voil\u00e0 pourquoi on y fait attention !<\/p>\n<p>&nbsp;<\/p>\n\t\t\t\t\t\t\t\t<\/div>\n\t\t\t\t<\/div>\n\t\t\t\t\t<\/div>\n\t\t<\/div>\n\t\t\t\t\t<\/div>\n\t\t<\/section>\n\t\t\t\t<\/div>\n\t\t","protected":false},"excerpt":{"rendered":"<p>Lac Saint-Louis: la plage, s.d. (sans date) UN P\u2019TIT LAC. UNE GRANDE FIERT\u00c9. De 1965 \u00e0 1982, La Tuque vibre au rythme du 24 heures de La Tuque, un \u00e9v\u00e8nement mythique d\u2019envergure internationale que cr\u00e9a Gaston Fortin, homme d\u2019affaires aussi ambitieux que visionnaire. Son r\u00eave ? Allumer les projecteurs sur La Tuque en cr\u00e9ant un [&hellip;]<\/p>\n","protected":false},"author":2,"featured_media":0,"parent":0,"menu_order":0,"comment_status":"closed","ping_status":"closed","template":"","meta":{"footnotes":""},"class_list":["post-1351","page","type-page","status-publish","hentry"],"_links":{"self":[{"href":"https:\/\/parcourslatuque.com\/fr\/wp-json\/wp\/v2\/pages\/1351","targetHints":{"allow":["GET"]}}],"collection":[{"href":"https:\/\/parcourslatuque.com\/fr\/wp-json\/wp\/v2\/pages"}],"about":[{"href":"https:\/\/parcourslatuque.com\/fr\/wp-json\/wp\/v2\/types\/page"}],"author":[{"embeddable":true,"href":"https:\/\/parcourslatuque.com\/fr\/wp-json\/wp\/v2\/users\/2"}],"replies":[{"embeddable":true,"href":"https:\/\/parcourslatuque.com\/fr\/wp-json\/wp\/v2\/comments?post=1351"}],"version-history":[{"count":5,"href":"https:\/\/parcourslatuque.com\/fr\/wp-json\/wp\/v2\/pages\/1351\/revisions"}],"predecessor-version":[{"id":1358,"href":"https:\/\/parcourslatuque.com\/fr\/wp-json\/wp\/v2\/pages\/1351\/revisions\/1358"}],"wp:attachment":[{"href":"https:\/\/parcourslatuque.com\/fr\/wp-json\/wp\/v2\/media?parent=1351"}],"curies":[{"name":"wp","href":"https:\/\/api.w.org\/{rel}","templated":true}]}}